{"id":19022,"date":"2016-12-05T16:27:00","date_gmt":"2016-12-05T14:27:00","guid":{"rendered":"https:\/\/quercusjardiners.com\/serveis\/"},"modified":"2022-11-22T11:08:26","modified_gmt":"2022-11-22T09:08:26","slug":"serveis","status":"publish","type":"page","link":"https:\/\/quercusjardiners.com\/ca\/serveis\/","title":{"rendered":"Serveis"},"content":{"rendered":"<div class=\"vgblk-rw-wrapper limit-wrapper\">\n<h2>\n\t\t\t<a href=\"https:\/\/quercusjardiners.com\/servicios\/mantenimiento\/\" title=\"Manteniment de jardins\" target=\"_self\" rel=\"noopener\">\n\tManteniment de jardins\n\t\t\t<\/a>\n\t<\/h2>\n\t<p>Quercus Jardiners realitza el manteniment de jardins tant p\u00fablics com privats o comunitaris. Tamb\u00e9 fem manteniment de piscines i podes, canviem plantes mortes, treiem arbres i fem tractaments fitosanitaris en cas de que hi hagi una plaga.<\/p>\n\t<a href=\"https:\/\/quercusjardiners.com\/ca\/serveis\/manteniment-de-jardins\/\" target=\"_self\" role=\"button\" rel=\"noopener\">\n\t\t\t\t\tEl vull\n\t<\/a>\n<h2>\n\t\t\t<a href=\"https:\/\/quercusjardiners.com\/ca\/serveis\/jardins-i-terrasses\/\" title=\"Jardins i terrasses\" target=\"_self\" rel=\"noopener\">\n\tJardins i terrasses\n\t\t\t<\/a>\n\t<\/h2>\n\t<p>Tens un jard\u00ed o una terrassa i vols treure-li el m\u00e0xim profit? Dissenyem nous espais verds amb tot incl\u00f2s: gespa artificial o natural, tarima, p\u00e8rgola, tendall, arbres, conjunts de plantes i reg autom\u00e0tic.<\/p>\n\t<a href=\"https:\/\/quercusjardiners.com\/ca\/serveis\/jardins-i-terrasses\/\" target=\"_self\" role=\"button\" rel=\"noopener\">\n\t\t\t\t\tM&#8217;interessa\n\t<\/a>\n<h2>\n\t\t\t<a href=\"https:\/\/quercusjardiners.com\/ca\/serveis\/gespa-artificial\/\" title=\"Gespa artificial\" target=\"_self\" rel=\"noopener\">\n\tGespa artificial\n\t\t\t<\/a>\n\t<\/h2>\n\t<p>Per als que no voleu tenir reg ni preocupar-vos pel manteniment setmanal de la gespa, Quercus Jardiners us ofereix diferents models de gespa artificial amb diferents al\u00e7ades i densitats per a instal\u00b7larla millor gespa artificial al vostre pati, terrassa o jard\u00ed.<\/p>\n\t<a href=\"https:\/\/quercusjardiners.com\/ca\/serveis\/gespa-artificial\/\" target=\"_self\" role=\"button\" rel=\"noopener\">\n\t\t\t\t\tEl vull\n\t<\/a>\n<h2>\n\t\t\t<a href=\"https:\/\/quercusjardiners.com\/ca\/serveis\/tarimes-i-pergoles\/\" title=\"Tarimes i p\u00e8rgoles\" target=\"_self\" rel=\"noopener\">\n\tTarimes i p\u00e8rgoles\n\t\t\t<\/a>\n\t<\/h2>\n\t<p>El verd queda molt b\u00e9 a la teva terrassa, i si li sumes una tarima, aconsegueixes un punt sofisticat i elegant que combina perfectament amb les plantes i la gespa. Escull la tarima que m\u00e9s t&#8217;agradi i combina-la amb una p\u00e8rgola o toldo per protegir-te del sol o la pluja. Tamb\u00e9 instal\u00b7lem tanques de diferents estils.<\/p>\n\t<a href=\"https:\/\/quercusjardiners.com\/ca\/serveis\/tarimes-i-pergoles\/\" target=\"_self\" role=\"button\" rel=\"noopener\">\n\t\t\t\t\tM&#8217;interessa\n\t<\/a>\n<h2>\n\t\t\t<a href=\"http:\/\/www.verdartificial.com\" title=\"Gespa esportiva natural i artificial\" target=\"_self\" rel=\"noopener\">\n\tGespa esportiva natural i artificial\n\t\t\t<\/a>\n\t<\/h2>\n\t<p>Amb la nostra segona marca, Verd Artificial, fem manteniments de camps de futbol i pistes de p\u00e0del tant de gespa natural com artificial. Tamb\u00e9 marquem linies i lloguem porteries de futbol 7 i futbol 11.<\/p>\n\t<a href=\"http:\/\/www.verdartificial.com\" target=\"_blank\" role=\"button\" rel=\"noopener\">\n\t\t\t\t\tVerd Artificial\n\t<\/a>\n<h4>\n\tDemana pressupost sense comprom\u00eds\n\t<\/h4>\n\t\n<div class=\"wpcf7 no-js\" id=\"wpcf7-f18085-o1\" lang=\"es-ES\" dir=\"ltr\" data-wpcf7-id=\"18085\">\n<div class=\"screen-reader-response\"><p role=\"status\" aria-live=\"polite\" aria-atomic=\"true\"><\/p> <ul><\/ul><\/div>\n<form action=\"\/ca\/wp-json\/wp\/v2\/pages\/19022#wpcf7-f18085-o1\" method=\"post\" class=\"wpcf7-form init\" aria-label=\"Formulario de contacto\" novalidate=\"novalidate\" data-status=\"init\">\n<fieldset class=\"hidden-fields-container\"><input type=\"hidden\" name=\"_wpcf7\" value=\"18085\" \/><input type=\"hidden\" name=\"_wpcf7_version\" value=\"6.1.5\" \/><input type=\"hidden\" name=\"_wpcf7_locale\" value=\"es_ES\" \/><input type=\"hidden\" name=\"_wpcf7_unit_tag\" value=\"wpcf7-f18085-o1\" \/><input type=\"hidden\" name=\"_wpcf7_container_post\" value=\"0\" \/><input type=\"hidden\" name=\"_wpcf7_posted_data_hash\" value=\"\" \/><input type=\"hidden\" name=\"_wpcf7_recaptcha_response\" value=\"\" \/>\n<\/fieldset>\n<div id=\"responsive-form\" class=\"clearfix\">\n\t<div class=\"form-row\">\n\t\t<div class=\"column-half\">\n\t\t\t<p><span class=\"wpcf7-form-control-wrap\" data-name=\"your-name\"><input size=\"40\" maxlength=\"400\" class=\"wpcf7-form-control wpcf7-text wpcf7-validates-as-required\" aria-required=\"true\" aria-invalid=\"false\" placeholder=\"Nom i cognoms*\" value=\"\" type=\"text\" name=\"your-name\" \/><\/span>\n\t\t\t<\/p>\n\t\t<\/div>\n\t\t<div class=\"column-half\">\n\t\t\t<p><span class=\"wpcf7-form-control-wrap\" data-name=\"your-email\"><input size=\"40\" maxlength=\"400\" class=\"wpcf7-form-control wpcf7-email wpcf7-validates-as-required wpcf7-text wpcf7-validates-as-email\" aria-required=\"true\" aria-invalid=\"false\" placeholder=\"Email*\" value=\"\" type=\"email\" name=\"your-email\" \/><\/span>\n\t\t\t<\/p>\n\t\t<\/div>\n\t<\/div>\n\t<div class=\"form-row\">\n\t\t<div class=\"column-half\">\n\t\t\t<p><span class=\"wpcf7-form-control-wrap\" data-name=\"Telefono\"><input size=\"40\" maxlength=\"400\" class=\"wpcf7-form-control wpcf7-tel wpcf7-validates-as-required wpcf7-text wpcf7-validates-as-tel\" aria-required=\"true\" aria-invalid=\"false\" placeholder=\"Tel\u00e8fon*\" value=\"\" type=\"tel\" name=\"Telefono\" \/><\/span>\n\t\t\t<\/p>\n\t\t<\/div>\n\t\t<div class=\"column-half\">\n\t\t\t<p><span class=\"wpcf7-form-control-wrap\" data-name=\"servicios\"><select class=\"wpcf7-form-control wpcf7-select wpcf7-validates-as-required\" aria-required=\"true\" aria-invalid=\"false\" name=\"servicios\"><option value=\"\">Tipus de serveis*<\/option><option value=\"Manteniment\">Manteniment<\/option><option value=\"Jardins i Terrasses\">Jardins i Terrasses<\/option><option value=\"Gespa artificial\">Gespa artificial<\/option><option value=\"Tarimes i p\u00e8rgoles\">Tarimes i p\u00e8rgoles<\/option><option value=\"Gespa esportiva\">Gespa esportiva<\/option><option value=\"Altres\">Altres<\/option><\/select><\/span>\n\t\t\t<\/p>\n\t\t<\/div>\n\t<\/div>\n\t<div class=\"form-row\">\n\t\t<div class=\"column-full\">\n\t\t\t<p><span><small><span class=\"wpcf7-form-control-wrap\" data-name=\"acceptance-279\"><span class=\"wpcf7-form-control wpcf7-acceptance\"><span class=\"wpcf7-list-item\"><input type=\"checkbox\" name=\"acceptance-279\" value=\"1\" aria-invalid=\"false\" \/><\/span><\/span><\/span> Consents, a trav\u00e9s del marcatge de la present casella, al tractament de les teves dades amb les finalitats descrites a la <a target=\"_blank\" href=\"http:\/\/quercusjardiners.com\/politica-de-privacidad\">Pol\u00edtica de Privadesa<\/a>.<\/small><\/span>\n\t\t\t<\/p>\n\t\t\t<p><span><small><span class=\"wpcf7-form-control-wrap\" data-name=\"acceptance-414\"><span class=\"wpcf7-form-control wpcf7-acceptance\"><span class=\"wpcf7-list-item\"><input type=\"checkbox\" name=\"acceptance-414\" value=\"1\" aria-invalid=\"false\" \/><\/span><\/span><\/span> Declaro, a trav\u00e9s de la marcaci\u00f3 de la present casella, sota la meva pr\u00f2pia responsabilitat, tenir m\u00e9s de catorze anys d'edat, responent de manera exclusiva i personal de la veracitat d'aquesta declaraci\u00f3 i assumint, per tant, les possibles responsabilitats legals sobre aix\u00f2.<\/small><\/span>\n\t\t\t<\/p>\n\t\t\t<p><span><small><span class=\"wpcf7-form-control-wrap\" data-name=\"acceptance-415\"><span class=\"wpcf7-form-control wpcf7-acceptance\"><span class=\"wpcf7-list-item\"><input type=\"checkbox\" name=\"acceptance-415\" value=\"1\" aria-invalid=\"false\" \/><\/span><\/span><\/span> Consenteixo, a trav\u00e9s de la marcaci\u00f3 de la present casella, per a la recepci\u00f3 de comunicacions comercials i de cortesia relacionades amb la nostra empresa a trav\u00e9s del tel\u00e8fon, correu postal ordinari, correu electr\u00f2nic o mitjans de comunicaci\u00f3 electr\u00f2nics equivalents.<\/small><\/span>\n\t\t\t<\/p>\n\t\t<\/div>\n\t<\/div>\n\t<div class=\"form-row\">\n\t\t<div class=\"column-full\">\n\t\t\t<p><input class=\"wpcf7-form-control wpcf7-submit has-spinner\" type=\"submit\" value=\"Enviar\" \/>\n\t\t\t<\/p>\n\t\t<\/div>\n\t<\/div>\n<\/div><!--end responsive-form--><div class=\"wpcf7-response-output\" aria-hidden=\"true\"><\/div>\n<\/form>\n<\/div>\n\n<\/div><!-- .vgblk-rw-wrapper -->","protected":false},"excerpt":{"rendered":"<p>Manteniment de jardins Quercus Jardiners realitza el manteniment de jardins tant p\u00fablics com privats o comunitaris. Tamb\u00e9 fem manteniment de piscines i podes, canviem plantes mortes, treiem arbres i fem tractaments fitosanitaris en cas de que hi hagi una plaga. El vull Jardins i terrasses Tens un jard\u00ed o una terrassa i vols treure-li el&#8230;<\/p>\n","protected":false},"author":2,"featured_media":0,"parent":0,"menu_order":0,"comment_status":"closed","ping_status":"closed","template":"","meta":{"inline_featured_image":false,"_monsterinsights_skip_tracking":false,"_monsterinsights_sitenote_active":false,"_monsterinsights_sitenote_note":"","_monsterinsights_sitenote_category":0,"footnotes":""},"class_list":["post-19022","page","type-page","status-publish","hentry"],"aioseo_notices":[],"jetpack_sharing_enabled":true,"_links":{"self":[{"href":"https:\/\/quercusjardiners.com\/ca\/wp-json\/wp\/v2\/pages\/19022","targetHints":{"allow":["GET"]}}],"collection":[{"href":"https:\/\/quercusjardiners.com\/ca\/wp-json\/wp\/v2\/pages"}],"about":[{"href":"https:\/\/quercusjardiners.com\/ca\/wp-json\/wp\/v2\/types\/page"}],"author":[{"embeddable":true,"href":"https:\/\/quercusjardiners.com\/ca\/wp-json\/wp\/v2\/users\/2"}],"replies":[{"embeddable":true,"href":"https:\/\/quercusjardiners.com\/ca\/wp-json\/wp\/v2\/comments?post=19022"}],"version-history":[{"count":0,"href":"https:\/\/quercusjardiners.com\/ca\/wp-json\/wp\/v2\/pages\/19022\/revisions"}],"wp:attachment":[{"href":"https:\/\/quercusjardiners.com\/ca\/wp-json\/wp\/v2\/media?parent=19022"}],"curies":[{"name":"wp","href":"https:\/\/api.w.org\/{rel}","templated":true}]}}