{"id":19034,"date":"2017-06-13T17:04:15","date_gmt":"2017-06-13T15:04:15","guid":{"rendered":"https:\/\/quercusjardiners.com\/serveis\/jardins-i-terrasses\/"},"modified":"2025-07-14T12:50:53","modified_gmt":"2025-07-14T10:50:53","slug":"jardins-i-terrasses","status":"publish","type":"page","link":"https:\/\/quercusjardiners.com\/ca\/serveis\/jardins-i-terrasses\/","title":{"rendered":"Jardins i terrasses"},"content":{"rendered":"<div class=\"vgblk-rw-wrapper limit-wrapper\">\n<h2>\n\tCom et podem ajudar?\n\t<\/h2>\n\t<p>Has vist una foto a internet d&#8217;un jard\u00ed preci\u00f3s de somni? Mires per la finestra i l&#8217;\u00fanic que veus \u00e9s un arbre escanyolit i les joguines dels teus fills tirats? Convertim aquest espai al millor jard\u00ed del barri! A Quercus Jardiners hem fet terrasses i jardins des de 0 que han resultat ser el lloc perfecte on relaxar-se, fer una barbacoa el diumenge, un sopar rom\u00e0ntic, un espai de jocs envoltat de natura o un conjunt d&#8217;hamaques-piscina-pergola que ha deixat amb la boca oberta a les visites.<\/p>\n\t<p>Treu tot el partit a la terrassa o al jard\u00ed amb arbres que s&#8217;adapten perfectament al clima de Barcelona, plantes que cobreixen de verd tot l&#8217;any la tanca de separaci\u00f3 amb els teus ve\u00efns i de colors durant la primavera o la tardor. Plantem la gespa que pessigolla els teus peus aquestes tardes caloroses mentre llegeixes un llibre sota el para-sol. Quercus Jardiners dissenya el teu jard\u00ed segons els teus gustos, necessitats i pressupost. Ens adaptem a tot. Si el projecte de jard\u00ed, terrassa o balc\u00f3 que tens al cap \u00e9s molt ampli, comen\u00e7a escrivint la Carta als Reis Mags. Ja sabeu que els Reis no sempre porten totes les joguines que demanem. Quan tenim la llista i la idea completa, podem dividir el projecte en fases per anar realitzant cadascuna segons el pressupost. El teu jard\u00ed es completar\u00e0 en diverses etapes i el resultat quedar\u00e0 genial. Tu decideixes qui ho mant\u00e9, Quercus Jardiners ofereix el servei de manteniment de jardins.<\/p>\n\t<p>No has de construir un jard\u00ed a la teva terrassa, volem que treguis el m\u00e0xim profit d&#8217;aquests metres d&#8217;exterior. Potser amb uns conjunts de plantes, unes cadires i una gespa artificial ja sigui suficient. Vegem-ho!<\/p>\n\t<a href=\"https:\/\/wa.me\/34646019393\" target=\"_self\" role=\"button\">\n\t\t\t\t\tDemana pressupost sense comprom\u00eds\n\t<\/a>\n<h2>\n\tTreballs\n\t<\/h2>\n\t<a href=\"https:\/\/quercusjardiners.com\/trabajos\/\" target=\"_self\" role=\"button\">\n\t\t\t\t\tVeure tots els treballs\n\t<\/a>\n<h2>\n\tConsells de jardineria\n\t<\/h2>\n\n<\/div><!-- .vgblk-rw-wrapper -->","protected":false},"excerpt":{"rendered":"<p>Com et podem ajudar? Has vist una foto a internet d&#8217;un jard\u00ed preci\u00f3s de somni? Mires per la finestra i l&#8217;\u00fanic que veus \u00e9s un arbre escanyolit i les joguines dels teus fills tirats? Convertim aquest espai al millor jard\u00ed del barri! A Quercus Jardiners hem fet terrasses i jardins des de 0 que han&#8230;<\/p>\n","protected":false},"author":2,"featured_media":0,"parent":19022,"menu_order":0,"comment_status":"closed","ping_status":"closed","template":"","meta":{"inline_featured_image":false,"_monsterinsights_skip_tracking":false,"_monsterinsights_sitenote_active":false,"_monsterinsights_sitenote_note":"","_monsterinsights_sitenote_category":0,"footnotes":""},"class_list":["post-19034","page","type-page","status-publish","hentry"],"aioseo_notices":[],"jetpack_sharing_enabled":true,"_links":{"self":[{"href":"https:\/\/quercusjardiners.com\/ca\/wp-json\/wp\/v2\/pages\/19034","targetHints":{"allow":["GET"]}}],"collection":[{"href":"https:\/\/quercusjardiners.com\/ca\/wp-json\/wp\/v2\/pages"}],"about":[{"href":"https:\/\/quercusjardiners.com\/ca\/wp-json\/wp\/v2\/types\/page"}],"author":[{"embeddable":true,"href":"https:\/\/quercusjardiners.com\/ca\/wp-json\/wp\/v2\/users\/2"}],"replies":[{"embeddable":true,"href":"https:\/\/quercusjardiners.com\/ca\/wp-json\/wp\/v2\/comments?post=19034"}],"version-history":[{"count":1,"href":"https:\/\/quercusjardiners.com\/ca\/wp-json\/wp\/v2\/pages\/19034\/revisions"}],"predecessor-version":[{"id":19528,"href":"https:\/\/quercusjardiners.com\/ca\/wp-json\/wp\/v2\/pages\/19034\/revisions\/19528"}],"up":[{"embeddable":true,"href":"https:\/\/quercusjardiners.com\/ca\/wp-json\/wp\/v2\/pages\/19022"}],"wp:attachment":[{"href":"https:\/\/quercusjardiners.com\/ca\/wp-json\/wp\/v2\/media?parent=19034"}],"curies":[{"name":"wp","href":"https:\/\/api.w.org\/{rel}","templated":true}]}}