{"id":19039,"date":"2017-06-13T16:57:43","date_gmt":"2017-06-13T14:57:43","guid":{"rendered":"https:\/\/quercusjardiners.com\/serveis\/gespa-artificial\/"},"modified":"2025-07-14T12:52:55","modified_gmt":"2025-07-14T10:52:55","slug":"gespa-artificial","status":"publish","type":"page","link":"https:\/\/quercusjardiners.com\/ca\/serveis\/gespa-artificial\/","title":{"rendered":"Gespa artificial"},"content":{"rendered":"<div class=\"vgblk-rw-wrapper limit-wrapper\">\n<h2>\n\tCom et podem ajudar?\n\t<\/h2>\n\t<p>Est\u00e0s cansat de fer el manteniment del teu jard\u00ed el cap de setmana? Pagues quantioses factures d&#8217;aigua? Canviar a gespa artificial implica una inversi\u00f3 forta de primeres, per\u00f2 la gespa artificial tamb\u00e9 t\u00e9 grans avantatges com el baix manteniment, el nul consum d&#8217;aigua i una gran durabilitat amb un m\u00ednim manteniment.<\/p>\n\t<p>Tenim un ampli cat\u00e0leg de tipus de gespa artificial amb diferents al\u00e7ades i densitats, gespa artificial m\u00e9s suau o m\u00e9s realista. Moltes opcions de gespa on triar! Obre la teva ment amb la gespa artificial: parets, habitacions, terrasses, balcons, jardins, patis.<\/p>\n\t<p>Tots els nostres productes tenen una garantia de f\u00e0brica de 7 anys i tenen efecte mem\u00f2ria, \u00e9s a dir que els centenars de p\u00e8ls que conformen la gespa artificial tornen a la seva posici\u00f3. Si et decideixes a instal\u00b7lar gespa artificial al teu balc\u00f3, terrassa o jard\u00ed, truca&#8217;ns i t&#8217;explicarem el proc\u00e9s d&#8217;instal\u00b7laci\u00f3 de la gespa i resoldrem tots els teus dubtes. Un cop instal\u00b7lat t&#8217;indicarem les pautes de manteniment de la gespa artificial perqu\u00e8 gaudeixis durant molt de temps de la teva gespa en perfectes condicions.<\/p>\n\t<a href=\"https:\/\/quercusjardiners.com\/ca\/contacte\/\" target=\"_self\" role=\"button\">\n\t\t\t\t\tDemana pressupost sense comprom\u00eds\n\t<\/a>\n<h2>\n\tTreballs\n\t<\/h2>\n\t<a href=\"https:\/\/quercusjardiners.com\/trabajos\/\" target=\"_self\" role=\"button\">\n\t\t\t\t\tVeure tots els treballs\n\t<\/a>\n<h2>\n\tConsells de jardineria\n\t<\/h2>\n\n<\/div><!-- .vgblk-rw-wrapper -->","protected":false},"excerpt":{"rendered":"<p>Com et podem ajudar? Est\u00e0s cansat de fer el manteniment del teu jard\u00ed el cap de setmana? Pagues quantioses factures d&#8217;aigua? Canviar a gespa artificial implica una inversi\u00f3 forta de primeres, per\u00f2 la gespa artificial tamb\u00e9 t\u00e9 grans avantatges com el baix manteniment, el nul consum d&#8217;aigua i una gran durabilitat amb un m\u00ednim manteniment&#8230;.<\/p>\n","protected":false},"author":2,"featured_media":0,"parent":19022,"menu_order":0,"comment_status":"closed","ping_status":"closed","template":"","meta":{"inline_featured_image":false,"_monsterinsights_skip_tracking":false,"_monsterinsights_sitenote_active":false,"_monsterinsights_sitenote_note":"","_monsterinsights_sitenote_category":0,"footnotes":""},"class_list":["post-19039","page","type-page","status-publish","hentry"],"aioseo_notices":[],"jetpack_sharing_enabled":true,"_links":{"self":[{"href":"https:\/\/quercusjardiners.com\/ca\/wp-json\/wp\/v2\/pages\/19039","targetHints":{"allow":["GET"]}}],"collection":[{"href":"https:\/\/quercusjardiners.com\/ca\/wp-json\/wp\/v2\/pages"}],"about":[{"href":"https:\/\/quercusjardiners.com\/ca\/wp-json\/wp\/v2\/types\/page"}],"author":[{"embeddable":true,"href":"https:\/\/quercusjardiners.com\/ca\/wp-json\/wp\/v2\/users\/2"}],"replies":[{"embeddable":true,"href":"https:\/\/quercusjardiners.com\/ca\/wp-json\/wp\/v2\/comments?post=19039"}],"version-history":[{"count":1,"href":"https:\/\/quercusjardiners.com\/ca\/wp-json\/wp\/v2\/pages\/19039\/revisions"}],"predecessor-version":[{"id":19532,"href":"https:\/\/quercusjardiners.com\/ca\/wp-json\/wp\/v2\/pages\/19039\/revisions\/19532"}],"up":[{"embeddable":true,"href":"https:\/\/quercusjardiners.com\/ca\/wp-json\/wp\/v2\/pages\/19022"}],"wp:attachment":[{"href":"https:\/\/quercusjardiners.com\/ca\/wp-json\/wp\/v2\/media?parent=19039"}],"curies":[{"name":"wp","href":"https:\/\/api.w.org\/{rel}","templated":true}]}}