{"id":19062,"date":"2016-12-05T16:27:32","date_gmt":"2016-12-05T14:27:32","guid":{"rendered":"https:\/\/quercusjardiners.com\/jardiners\/"},"modified":"2025-07-14T16:29:21","modified_gmt":"2025-07-14T14:29:21","slug":"jardiners","status":"publish","type":"page","link":"https:\/\/quercusjardiners.com\/ca\/jardiners\/","title":{"rendered":"Jardiners"},"content":{"rendered":"<div class=\"vgblk-rw-wrapper limit-wrapper\">\n<h2>\n\tUn equip de jardiners amb l&#8217;objectiu de crear el jard\u00ed que sempre havies somiat, la terrassa perfecta o l&#8217;espai verd que has vist a Pinterest.\n\t<\/h2>\n\t<p><strong>Quercus Jardiners us ofereix tots els serveis que pugueu imaginar en espais exteriors. <\/strong>Som jardiners <strong>amb m\u00e9s de 15 anys d&#8217;experi\u00e8ncia<\/strong> i un equip sempre obert a noves idees i tend\u00e8ncies. Oferim els <strong>nostres serveis<\/strong> a la prov\u00edncia de <strong>Barcelona.<\/strong><\/p>\n<p>Tenim diferents prove\u00efdors de material com la gespa artificial, la tarima o la construcci\u00f3 de piscines per trobar el que m\u00e9s s&#8217;ajusta a tu. A la plantilla tenim experts en plantes, flors, arbustos i arbres per aconseguir exactament <strong>les esp\u00e8cies que millor s&#8217;adapten al teu jard\u00ed, terrassa, pati o balc\u00f3<\/strong> (i les que m\u00e9s t&#8217;agradin tamb\u00e9). Si tens qualsevol dubte, el resolem.<\/p>\n<p><strong>Els nostres pressupostos s\u00f3n sense comprom\u00eds, i sempre fem una primera visita en persona<\/strong> per assegurar-nos de com s&#8217;ha de fer la feina.<\/p>\n<h3>\n\t\t\tParlar de l&#8217;empresa est\u00e0 molt b\u00e9, per\u00f2 Quercus Jardiners no podria existir si no fos per la plantilla que tenim:\t<\/h3>\n\t<h3><strong>Josep<\/strong><\/h3>\n\t<p>T\u00e8cnic agr\u00edcola en explotacions intensives i amb formaci\u00f3 en paisatgisme i disseny de jardins. La seva capacitat organitzativa i els seus objectius clars ajuden a fer que el jard\u00ed estigui fet per la data prevista. Segurament el coneixer\u00e0s al primer contacte amb Quercus Jardiners i el tindr\u00e0s a sobre mentre duri l&#8217;obra o instal\u00b7laci\u00f3 del teu jard\u00ed.<\/p>\n\t<h3><strong>Pablo<\/strong><\/h3>\n\t<p>T\u00e8cnic agr\u00edcola i forestal. Ho sap tot sobre plantes i arbres, les seves ganes de millorar i oferir un bon servei el porten a investigar les varietats m\u00e9s rares. Truca&#8217;l si tens qualsevol dubte sobre plantes. Ha arribat a acompanyar nens d&#8217;escoles d&#8217;excursi\u00f3 per Barcelona per explicar quines esp\u00e8cies d&#8217;arbres hi ha plantades.<\/p>\n\t<h3><strong>Marc<\/strong><\/h3>\n\t<p>Responsable de manteniment de jardins particulars, d&#8217;empreses i comunitats de ve\u00efns.<\/p>\n\t<h3><strong>Ingrid<\/strong><\/h3>\n\t<p>Responsable de manteniment de jardins d&#8217;hotels.<\/p>\n\t<h3><strong>Oumar<\/strong><\/h3>\n\t<p>Auxiliar de jardineria.<\/p>\n\t<h3><strong>Daniel<\/strong><\/h3>\n\t<p>Responsable de manteniment de jardins d&#8217;instal\u00b7lacions esportives.<\/p>\n\n<\/div><!-- .vgblk-rw-wrapper -->","protected":false},"excerpt":{"rendered":"<p>Un equip de jardiners amb l&#8217;objectiu de crear el jard\u00ed que sempre havies somiat, la terrassa perfecta o l&#8217;espai verd que has vist a Pinterest. Quercus Jardiners us ofereix tots els serveis que pugueu imaginar en espais exteriors. Som jardiners amb m\u00e9s de 15 anys d&#8217;experi\u00e8ncia i un equip sempre obert a noves idees i&#8230;<\/p>\n","protected":false},"author":2,"featured_media":0,"parent":0,"menu_order":0,"comment_status":"closed","ping_status":"closed","template":"","meta":{"inline_featured_image":false,"_monsterinsights_skip_tracking":false,"_monsterinsights_sitenote_active":false,"_monsterinsights_sitenote_note":"","_monsterinsights_sitenote_category":0,"footnotes":""},"class_list":["post-19062","page","type-page","status-publish","hentry"],"aioseo_notices":[],"jetpack_sharing_enabled":true,"_links":{"self":[{"href":"https:\/\/quercusjardiners.com\/ca\/wp-json\/wp\/v2\/pages\/19062","targetHints":{"allow":["GET"]}}],"collection":[{"href":"https:\/\/quercusjardiners.com\/ca\/wp-json\/wp\/v2\/pages"}],"about":[{"href":"https:\/\/quercusjardiners.com\/ca\/wp-json\/wp\/v2\/types\/page"}],"author":[{"embeddable":true,"href":"https:\/\/quercusjardiners.com\/ca\/wp-json\/wp\/v2\/users\/2"}],"replies":[{"embeddable":true,"href":"https:\/\/quercusjardiners.com\/ca\/wp-json\/wp\/v2\/comments?post=19062"}],"version-history":[{"count":4,"href":"https:\/\/quercusjardiners.com\/ca\/wp-json\/wp\/v2\/pages\/19062\/revisions"}],"predecessor-version":[{"id":19540,"href":"https:\/\/quercusjardiners.com\/ca\/wp-json\/wp\/v2\/pages\/19062\/revisions\/19540"}],"wp:attachment":[{"href":"https:\/\/quercusjardiners.com\/ca\/wp-json\/wp\/v2\/media?parent=19062"}],"curies":[{"name":"wp","href":"https:\/\/api.w.org\/{rel}","templated":true}]}}