{"id":19507,"date":"2025-07-14T12:22:45","date_gmt":"2025-07-14T10:22:45","guid":{"rendered":"https:\/\/quercusjardiners.com\/servicios-jardineria-mantenimiento-particular\/"},"modified":"2025-07-14T16:31:27","modified_gmt":"2025-07-14T14:31:27","slug":"servicios-jardineria-mantenimiento-particular","status":"publish","type":"page","link":"https:\/\/quercusjardiners.com\/ca\/servicios-jardineria-mantenimiento-particular\/","title":{"rendered":"Serveis de jardineria per casa teva"},"content":{"rendered":"<div class=\"vgblk-rw-wrapper limit-wrapper\">\n<h2>\n\t\t\t<a href=\"https:\/\/quercusjardiners.com\/servicios\/mantenimiento\/\" title=\"El manteniment del teu jard\u00ed, pati o terrassa\" target=\"_self\">\n\tEl manteniment del teu jard\u00ed, pati o terrassa\n\t\t\t<\/a>\n\t<\/h2>\n\t<p>Quercus Jardiners fa el manteniment de jardins privats, terrasses. o patis. Tamb\u00e9 realitzem podes, reemplacem plantes mortes, traiem arbres i fem tractaments fitosanitaris en cas que hi hagi una plaga a casa teva perqu\u00e8 tu no hagis de fer res.  <\/p>\n\t<a href=\"https:\/\/quercusjardiners.com\/contacto\/\" target=\"_self\" role=\"button\">\n\t\t\t\t\tVull que feu el manteniment del jard\u00ed\n\t<\/a>\n<h2>\n\t\t\t<a href=\"https:\/\/quercusjardiners.com\/servicios\/jardines-y-terrazas\/\" title=\"El teu jard\u00ed, la teva terrassa, les plantes\" target=\"_self\">\n\tEl teu jard\u00ed, la teva terrassa, les plantes\n\t\t\t<\/a>\n\t<\/h2>\n\t<p>Tens un jard\u00ed o una terrassa i vols treure-li el m\u00e0xim profit? Dissenyem nous espais verds amb tot incl\u00f2s: gespa artificial o natural, tarima, p\u00e8rgola, tendall, arbres, conjunts de plantes i reg autom\u00e0tic.<\/p>\n\t<a href=\"https:\/\/quercusjardiners.com\/contacto\/\" target=\"_self\" role=\"button\">\n\t\t\t\t\tM&#8217;interessa\n\t<\/a>\n<h2>\n\t\t\t<a href=\"https:\/\/quercusjardiners.com\/servicios\/cesped-artificial\/\" title=\"Gespa artificial a l&#039;exterior de casa teva\" target=\"_self\">\n\tGespa artificial a l&#8217;exterior de casa teva\n\t\t\t<\/a>\n\t<\/h2>\n\t<p>Per als que no voleu tenir reg ni preocupar-vos pel manteniment setmanal de la gespa, Quercus Jardiners us ofereix diferents models de gespa artificial amb diferents al\u00e7ades i densitats per a instal\u00b7lar la millor gespa artificial al vostre pati, terrassa o jard\u00ed.<\/p>\n\t<a href=\"https:\/\/quercusjardiners.com\/contacto\/\" target=\"_self\" role=\"button\">\n\t\t\t\t\tVull gespa artificial\n\t<\/a>\n<h2>\n\t\t\t<a href=\"https:\/\/quercusjardiners.com\/servicios\/tarimas-y-pergolas\/\" title=\"Tarimes i p\u00e8rgoles a la terrassa\" target=\"_self\">\n\tTarimes i p\u00e8rgoles a la terrassa\n\t\t\t<\/a>\n\t<\/h2>\n\t<p>El verd queda molt b\u00e9 a la teva terrassa, i si li sumes una tarima, aconsegueixes un punt sofisticat i elegant que combina perfectament amb les plantes i la gespa. Escull la tarima que m\u00e9s t&#8217;agradi i combina-la amb una p\u00e8rgola o tendal per protegir-te del sol o la pluja a casa. Tamb\u00e9 instal\u00b7lem tanques de diferents estils.<\/p>\n\t<a href=\"https:\/\/quercusjardiners.com\/contacto\/\" target=\"_self\" role=\"button\">\n\t\t\t\t\tM&#8217;interessa\n\t<\/a>\n<h4>\n\tPide presupuesto sin compromiso\n\t<\/h4>\n\t\n<div class=\"wpcf7 no-js\" id=\"wpcf7-f17228-o1\" lang=\"es-ES\" dir=\"ltr\" data-wpcf7-id=\"17228\">\n<div class=\"screen-reader-response\"><p role=\"status\" aria-live=\"polite\" aria-atomic=\"true\"><\/p> <ul><\/ul><\/div>\n<form action=\"\/ca\/wp-json\/wp\/v2\/pages\/19507#wpcf7-f17228-o1\" method=\"post\" class=\"wpcf7-form init\" aria-label=\"Formulario de contacto\" novalidate=\"novalidate\" data-status=\"init\">\n<fieldset class=\"hidden-fields-container\"><input type=\"hidden\" name=\"_wpcf7\" value=\"17228\" \/><input type=\"hidden\" name=\"_wpcf7_version\" value=\"6.1.5\" \/><input type=\"hidden\" name=\"_wpcf7_locale\" value=\"es_ES\" \/><input type=\"hidden\" name=\"_wpcf7_unit_tag\" value=\"wpcf7-f17228-o1\" \/><input type=\"hidden\" name=\"_wpcf7_container_post\" value=\"0\" \/><input type=\"hidden\" name=\"_wpcf7_posted_data_hash\" value=\"\" \/><input type=\"hidden\" name=\"_wpcf7_recaptcha_response\" value=\"\" \/>\n<\/fieldset>\n<div id=\"responsive-form\" class=\"clearfix\">\n\t<div class=\"form-row\">\n\t\t<div class=\"column-half\">\n\t\t\t<p><span class=\"wpcf7-form-control-wrap\" data-name=\"your-name\"><input size=\"40\" maxlength=\"400\" class=\"wpcf7-form-control wpcf7-text wpcf7-validates-as-required\" aria-required=\"true\" aria-invalid=\"false\" placeholder=\"Nombre y Apellidos*\" value=\"\" type=\"text\" name=\"your-name\" \/><\/span>\n\t\t\t<\/p>\n\t\t<\/div>\n\t\t<div class=\"column-half\">\n\t\t\t<p><span class=\"wpcf7-form-control-wrap\" data-name=\"your-email\"><input size=\"40\" maxlength=\"400\" class=\"wpcf7-form-control wpcf7-email wpcf7-validates-as-required wpcf7-text wpcf7-validates-as-email\" aria-required=\"true\" aria-invalid=\"false\" placeholder=\"Email*\" value=\"\" type=\"email\" name=\"your-email\" \/><\/span>\n\t\t\t<\/p>\n\t\t<\/div>\n\t<\/div>\n\t<div class=\"form-row\">\n\t\t<div class=\"column-half\">\n\t\t\t<p><span class=\"wpcf7-form-control-wrap\" data-name=\"Telefono\"><input size=\"40\" maxlength=\"400\" class=\"wpcf7-form-control wpcf7-tel wpcf7-validates-as-required wpcf7-text wpcf7-validates-as-tel\" aria-required=\"true\" aria-invalid=\"false\" placeholder=\"Tel\u00e9fono*\" value=\"\" type=\"tel\" name=\"Telefono\" \/><\/span>\n\t\t\t<\/p>\n\t\t<\/div>\n\t\t<div class=\"column-half\">\n\t\t\t<p><span class=\"wpcf7-form-control-wrap\" data-name=\"servicios\"><select class=\"wpcf7-form-control wpcf7-select wpcf7-validates-as-required\" aria-required=\"true\" aria-invalid=\"false\" name=\"servicios\"><option value=\"\">Tipo de servicio*<\/option><option value=\"Mantenimiento\">Mantenimiento<\/option><option value=\"Jardines y Terrazas\">Jardines y Terrazas<\/option><option value=\"C\u00e9sped artificial\">C\u00e9sped artificial<\/option><option value=\"Tarimas y p\u00e9rgolas\">Tarimas y p\u00e9rgolas<\/option><option value=\"C\u00e9sped deportivo artificial\">C\u00e9sped deportivo artificial<\/option><option value=\"Otro\">Otro<\/option><\/select><\/span>\n\t\t\t<\/p>\n\t\t<\/div>\n\t<\/div>\n\t<div class=\"form-row\">\n\t\t<div class=\"column-full\">\n\t\t\t<p><span><small><span class=\"wpcf7-form-control-wrap\" data-name=\"acceptance-279\"><span class=\"wpcf7-form-control wpcf7-acceptance\"><span class=\"wpcf7-list-item\"><input type=\"checkbox\" name=\"acceptance-279\" value=\"1\" aria-invalid=\"false\" \/><\/span><\/span><\/span> Usted consiente, a trav\u00e9s de la marcaci\u00f3n de la presente casilla, al tratamiento de sus datos con las finalidades descritas en la <a target=\"_blank\" href=\"http:\/\/quercusjardiners.com\/politica-de-privacidad\">Pol\u00edtica de Privacidad<\/a>.<\/small><\/span>\n\t\t\t<\/p>\n\t\t\t<p><span><small><span class=\"wpcf7-form-control-wrap\" data-name=\"acceptance-414\"><span class=\"wpcf7-form-control wpcf7-acceptance\"><span class=\"wpcf7-list-item\"><input type=\"checkbox\" name=\"acceptance-414\" value=\"1\" aria-invalid=\"false\" \/><\/span><\/span><\/span> Declaro, a trav\u00e9s de la marcaci\u00f3n de la presente casilla, bajo mi propia responsabilidad, tener cumplidos los catorce a\u00f1os de edad, respondiendo de manera exclusiva y personal de la veracidad de dicha declaraci\u00f3n y asumiendo, por ende, las posibles responsabilidades legales al respecto.<\/small><\/span>\n\t\t\t<\/p>\n\t\t\t<p><span><small><span class=\"wpcf7-form-control-wrap\" data-name=\"acceptance-415\"><span class=\"wpcf7-form-control wpcf7-acceptance\"><span class=\"wpcf7-list-item\"><input type=\"checkbox\" name=\"acceptance-415\" value=\"1\" aria-invalid=\"false\" \/><\/span><\/span><\/span> Consiento, a trav\u00e9s de la marcaci\u00f3n de la presente casilla, para la recepci\u00f3n de comunicaciones comerciales y de cortes\u00eda relacionadas con nuestra entidad a trav\u00e9s del tel\u00e9fono, correo postal ordinario, fax, correo electr\u00f3nico o medios de comunicaci\u00f3n electr\u00f3nica equivalentes.<\/small><\/span>\n\t\t\t<\/p>\n\t\t<\/div>\n\t<\/div>\n\t<div class=\"form-row\">\n\t\t<div class=\"column-full\">\n\t\t\t<p><input class=\"wpcf7-form-control wpcf7-submit has-spinner\" type=\"submit\" value=\"Enviar\" \/>\n\t\t\t<\/p>\n\t\t<\/div>\n\t<\/div>\n<\/div><!--end responsive-form--><div class=\"wpcf7-response-output\" aria-hidden=\"true\"><\/div>\n<\/form>\n<\/div>\n\n\n<\/div><!-- .vgblk-rw-wrapper -->","protected":false},"excerpt":{"rendered":"<p>El manteniment del teu jard\u00ed, pati o terrassa Quercus Jardiners fa el manteniment de jardins privats, terrasses. o patis. Tamb\u00e9 realitzem podes, reemplacem plantes mortes, traiem arbres i fem tractaments fitosanitaris en cas que hi hagi una plaga a casa teva perqu\u00e8 tu no hagis de fer res. Vull que feu el manteniment del jard\u00ed&#8230;<\/p>\n","protected":false},"author":5,"featured_media":0,"parent":0,"menu_order":0,"comment_status":"closed","ping_status":"closed","template":"","meta":{"inline_featured_image":false,"_monsterinsights_skip_tracking":false,"_monsterinsights_sitenote_active":false,"_monsterinsights_sitenote_note":"","_monsterinsights_sitenote_category":0,"footnotes":""},"class_list":["post-19507","page","type-page","status-publish","hentry"],"aioseo_notices":[],"jetpack_sharing_enabled":true,"_links":{"self":[{"href":"https:\/\/quercusjardiners.com\/ca\/wp-json\/wp\/v2\/pages\/19507","targetHints":{"allow":["GET"]}}],"collection":[{"href":"https:\/\/quercusjardiners.com\/ca\/wp-json\/wp\/v2\/pages"}],"about":[{"href":"https:\/\/quercusjardiners.com\/ca\/wp-json\/wp\/v2\/types\/page"}],"author":[{"embeddable":true,"href":"https:\/\/quercusjardiners.com\/ca\/wp-json\/wp\/v2\/users\/5"}],"replies":[{"embeddable":true,"href":"https:\/\/quercusjardiners.com\/ca\/wp-json\/wp\/v2\/comments?post=19507"}],"version-history":[{"count":2,"href":"https:\/\/quercusjardiners.com\/ca\/wp-json\/wp\/v2\/pages\/19507\/revisions"}],"predecessor-version":[{"id":19542,"href":"https:\/\/quercusjardiners.com\/ca\/wp-json\/wp\/v2\/pages\/19507\/revisions\/19542"}],"wp:attachment":[{"href":"https:\/\/quercusjardiners.com\/ca\/wp-json\/wp\/v2\/media?parent=19507"}],"curies":[{"name":"wp","href":"https:\/\/api.w.org\/{rel}","templated":true}]}}