{"id":19054,"date":"2021-10-16T20:11:52","date_gmt":"2021-10-16T18:11:52","guid":{"rendered":"https:\/\/quercusjardiners.com\/producto\/bpt-balco-pati-terrassa\/"},"modified":"2021-10-16T20:11:52","modified_gmt":"2021-10-16T18:11:52","slug":"bpt-balcon-pati-terrassa","status":"publish","type":"product","link":"https:\/\/quercusjardiners.com\/ca\/producte\/bpt-balcon-pati-terrassa\/","title":{"rendered":"BPT (Balc\u00f3, Pati, Terrassa)"},"content":{"rendered":"<div class=\"vgblk-rw-wrapper limit-wrapper\">\n<h4>Instruccions de compra<\/h4>\n<p>&nbsp;<\/p>\n<ol>\n<li>Afegeix el producte al carret de la compra<\/li>\n<li>Realitza el pagament a trav\u00e9s de Stripe<\/li>\n<li>Rebr\u00e0s un correu de confirmaci\u00f3 del pagament i nosaltres un correu de confirmaci\u00f3 de la compra<\/li>\n<li>T&#8217;enviarem un correu el m\u00e9s aviat possible per concertar dia i hora per a la videotrucada, fes una ullada a la carpeta de Spam per si ens colem per all\u00e0!<\/li>\n<li>La trucada i\/o videotrucada tindr\u00e0 com a m\u00e0xim 1h de durada<\/li>\n<\/ol>\n<\/div>\n<p><!-- .vgblk-rw-wrapper --><\/p>\n","protected":false},"excerpt":{"rendered":"<p>Compra el BPT si necessites ajuda amb alguna planta o zona del teu balc\u00f3, pati o jard\u00ed. Fem una videotrucada amb tu perqu\u00e8 ens ensenyis la zona que vols arreglar i aix\u00ed podem valorar la llum, l&#8217;espai i altres factors que poden influir a la superviv\u00e8ncia de les plantes que vols posar. Durant la trucada et recomanarem canvis o millores i tamb\u00e9 et direm on trobar els productes que necessitis. Necessites una petita empenta per crear tu mateix un espai de relax a casa? T&#8217;ajudem.    <\/p>\n","protected":false},"featured_media":18985,"template":"","meta":{"inline_featured_image":false,"_monsterinsights_skip_tracking":false,"_monsterinsights_sitenote_active":false,"_monsterinsights_sitenote_note":"","_monsterinsights_sitenote_category":0},"product_brand":[],"product_cat":[507,200],"product_tag":[],"class_list":{"0":"post-19054","1":"product","2":"type-product","3":"status-publish","4":"has-post-thumbnail","6":"product_cat-serveis","7":"product_cat-sin-categorizar","9":"first","10":"instock","11":"virtual","12":"purchasable","13":"product-type-simple"},"aioseo_notices":[],"jetpack_sharing_enabled":true,"_links":{"self":[{"href":"https:\/\/quercusjardiners.com\/ca\/wp-json\/wp\/v2\/product\/19054","targetHints":{"allow":["GET"]}}],"collection":[{"href":"https:\/\/quercusjardiners.com\/ca\/wp-json\/wp\/v2\/product"}],"about":[{"href":"https:\/\/quercusjardiners.com\/ca\/wp-json\/wp\/v2\/types\/product"}],"wp:featuredmedia":[{"embeddable":true,"href":"https:\/\/quercusjardiners.com\/ca\/wp-json\/wp\/v2\/media\/18985"}],"wp:attachment":[{"href":"https:\/\/quercusjardiners.com\/ca\/wp-json\/wp\/v2\/media?parent=19054"}],"wp:term":[{"taxonomy":"product_brand","embeddable":true,"href":"https:\/\/quercusjardiners.com\/ca\/wp-json\/wp\/v2\/product_brand?post=19054"},{"taxonomy":"product_cat","embeddable":true,"href":"https:\/\/quercusjardiners.com\/ca\/wp-json\/wp\/v2\/product_cat?post=19054"},{"taxonomy":"product_tag","embeddable":true,"href":"https:\/\/quercusjardiners.com\/ca\/wp-json\/wp\/v2\/product_tag?post=19054"}],"curies":[{"name":"wp","href":"https:\/\/api.w.org\/{rel}","templated":true}]}}