{"id":19056,"date":"2021-10-18T20:14:17","date_gmt":"2021-10-18T18:14:17","guid":{"rendered":"https:\/\/quercusjardiners.com\/producto\/jardi-des-de-0\/"},"modified":"2022-05-11T23:26:39","modified_gmt":"2022-05-11T21:26:39","slug":"jardin-des-de-0","status":"publish","type":"product","link":"https:\/\/quercusjardiners.com\/ca\/producte\/jardin-des-de-0\/","title":{"rendered":"Jard\u00ed des de 0"},"content":{"rendered":"<div class=\"vgblk-rw-wrapper limit-wrapper\">\n\n\t<p>Per comen\u00e7ar a treballar junts al vostre jard\u00ed necessitem una mica m\u00e9s d&#8217;informaci\u00f3 per fer-nos una idea de quin tipus de projecte estem parlant. Gr\u00e0cies!<\/p>\n\t\n<div class=\"wpcf7 no-js\" id=\"wpcf7-f19193-o1\" lang=\"es-ES\" dir=\"ltr\" data-wpcf7-id=\"19193\">\n<div class=\"screen-reader-response\"><p role=\"status\" aria-live=\"polite\" aria-atomic=\"true\"><\/p> <ul><\/ul><\/div>\n<form action=\"\/ca\/wp-json\/wp\/v2\/product\/19056#wpcf7-f19193-o1\" method=\"post\" class=\"wpcf7-form init\" aria-label=\"Formulario de contacto\" novalidate=\"novalidate\" data-status=\"init\">\n<fieldset class=\"hidden-fields-container\"><input type=\"hidden\" name=\"_wpcf7\" value=\"19193\" \/><input type=\"hidden\" name=\"_wpcf7_version\" value=\"6.1.5\" \/><input type=\"hidden\" name=\"_wpcf7_locale\" value=\"es_ES\" \/><input type=\"hidden\" name=\"_wpcf7_unit_tag\" value=\"wpcf7-f19193-o1\" \/><input type=\"hidden\" name=\"_wpcf7_container_post\" value=\"0\" \/><input type=\"hidden\" name=\"_wpcf7_posted_data_hash\" value=\"\" \/><input type=\"hidden\" name=\"_wpcf7_recaptcha_response\" value=\"\" \/>\n<\/fieldset>\n<div id=\"responsive-form\" class=\"clearfix\">\n\t<div class=\"form-row\">\n\t\t<div class=\"column-half\">\n\t\t\t<p><span class=\"wpcf7-form-control-wrap\" data-name=\"your-name\"><input size=\"40\" maxlength=\"400\" class=\"wpcf7-form-control wpcf7-text wpcf7-validates-as-required\" aria-required=\"true\" aria-invalid=\"false\" placeholder=\"Nom i Cognoms*\" value=\"\" type=\"text\" name=\"your-name\" \/><\/span>\n\t\t\t<\/p>\n\t\t<\/div>\n\t\t<div class=\"column-half\">\n\t\t\t<p><span class=\"wpcf7-form-control-wrap\" data-name=\"your-email\"><input size=\"40\" maxlength=\"400\" class=\"wpcf7-form-control wpcf7-email wpcf7-validates-as-required wpcf7-text wpcf7-validates-as-email\" aria-required=\"true\" aria-invalid=\"false\" placeholder=\"Email*\" value=\"\" type=\"email\" name=\"your-email\" \/><\/span>\n\t\t\t<\/p>\n\t\t<\/div>\n\t<\/div>\n\t<div class=\"form-row\">\n\t\t<div class=\"column-half\">\n\t\t\t<p><span class=\"wpcf7-form-control-wrap\" data-name=\"telefono\"><input size=\"40\" maxlength=\"400\" class=\"wpcf7-form-control wpcf7-tel wpcf7-validates-as-required wpcf7-text wpcf7-validates-as-tel\" aria-required=\"true\" aria-invalid=\"false\" placeholder=\"Tel\u00e8fon*\" value=\"\" type=\"tel\" name=\"telefono\" \/><\/span>\n\t\t\t<\/p>\n\t\t<\/div>\n\t\t<div class=\"column-half\">\n\t\t\t<p><span class=\"wpcf7-form-control-wrap\" data-name=\"mensaje\"><textarea cols=\"40\" rows=\"10\" maxlength=\"2000\" class=\"wpcf7-form-control wpcf7-textarea wpcf7-validates-as-required\" aria-required=\"true\" aria-invalid=\"false\" placeholder=\"Descriu breument el que tens en ment\" name=\"mensaje\"><\/textarea><\/span>\n\t\t\t<\/p>\n\t\t<\/div>\n\t<\/div>\n\t<p><input class=\"wpcf7-form-control wpcf7-submit has-spinner\" type=\"submit\" value=\"Enviar\" \/>\n\t<\/p>\n<\/div><div class=\"wpcf7-response-output\" aria-hidden=\"true\"><\/div>\n<\/form>\n<\/div>\n\n\t<p>&nbsp;<\/p>\n<p>&nbsp;<\/p>\n<p><em>* El preu del projecte es descompta del cost total del treball si finalment contractes els nostres serveis per fer l&#8217;obra. Despr\u00e9s de la instal\u00b7laci\u00f3, passem preu del manteniment del jard\u00ed o terrassa, sense comprom\u00eds.<\/em><\/p>\n\n<\/div><!-- .vgblk-rw-wrapper -->","protected":false},"excerpt":{"rendered":"<p class=\"price\"><span class=\"woocommerce-Price-amount amount\">A consultar<\/span><\/p>\n<p>Juguem! Tenim grans idees per plasmar al teu jard\u00ed o terrassa. Aquest producte \u00e9s super complet. Oferim una primera trucada per con\u00e8ixer-nos, concertem una visita a l&#8217;espai que voleu construir (a les prov\u00edncies de Barcelona i Tarragona), fem fotografies i mesurem l&#8217;espai per poder fer un projecte amb disseny incl\u00f2s. Al projecte constar\u00e0: el tipus de plantes i arbres, les unitats, estudi del terreny i la zona per con\u00e8ixer quines esp\u00e8cies aguantaran millor. Tamb\u00e9 enviem un pressupost detallat per a lexecuci\u00f3 del projecte. Si s\u2019accepta el pressupost, fem una segona visita on portem amb nosaltres un mostrari de gespa i tarimes perqu\u00e8 el mateix dia puguis veure com combinar-ho gaireb\u00e9 tot.<\/p>\n","protected":false},"featured_media":19196,"template":"","meta":{"inline_featured_image":false,"_monsterinsights_skip_tracking":false,"_monsterinsights_sitenote_active":false,"_monsterinsights_sitenote_note":"","_monsterinsights_sitenote_category":0},"product_brand":[],"product_cat":[507],"product_tag":[],"class_list":{"0":"post-19056","1":"product","2":"type-product","3":"status-publish","4":"has-post-thumbnail","6":"product_cat-serveis","8":"first","9":"onbackorder","10":"virtual","11":"product-type-simple"},"aioseo_notices":[],"jetpack_sharing_enabled":true,"_links":{"self":[{"href":"https:\/\/quercusjardiners.com\/ca\/wp-json\/wp\/v2\/product\/19056","targetHints":{"allow":["GET"]}}],"collection":[{"href":"https:\/\/quercusjardiners.com\/ca\/wp-json\/wp\/v2\/product"}],"about":[{"href":"https:\/\/quercusjardiners.com\/ca\/wp-json\/wp\/v2\/types\/product"}],"wp:featuredmedia":[{"embeddable":true,"href":"https:\/\/quercusjardiners.com\/ca\/wp-json\/wp\/v2\/media\/19196"}],"wp:attachment":[{"href":"https:\/\/quercusjardiners.com\/ca\/wp-json\/wp\/v2\/media?parent=19056"}],"wp:term":[{"taxonomy":"product_brand","embeddable":true,"href":"https:\/\/quercusjardiners.com\/ca\/wp-json\/wp\/v2\/product_brand?post=19056"},{"taxonomy":"product_cat","embeddable":true,"href":"https:\/\/quercusjardiners.com\/ca\/wp-json\/wp\/v2\/product_cat?post=19056"},{"taxonomy":"product_tag","embeddable":true,"href":"https:\/\/quercusjardiners.com\/ca\/wp-json\/wp\/v2\/product_tag?post=19056"}],"curies":[{"name":"wp","href":"https:\/\/api.w.org\/{rel}","templated":true}]}}